{"id":2589,"date":"2021-06-08T19:38:24","date_gmt":"2021-06-08T17:38:24","guid":{"rendered":"https:\/\/trojmiastohydraulik.pl\/?page_id=2589"},"modified":"2026-04-16T12:03:03","modified_gmt":"2026-04-16T10:03:03","slug":"hydraulik-gdansk-redesign","status":"publish","type":"page","link":"https:\/\/trojmiastohydraulik.pl\/uk\/hydraulik-gdansk-redesign\/","title":{"rendered":"\u0421\u0430\u043d\u0442\u0435\u0445\u043d\u0456\u043a-\u0413\u0434\u0430\u043d\u0441\u044c\u043a-\u0440\u0435\u0434\u0438\u0437\u0430\u0439\u043d"},"content":{"rendered":"","protected":false},"excerpt":{"rendered":"","protected":false},"author":1,"featured_media":0,"parent":0,"menu_order":0,"comment_status":"closed","ping_status":"closed","template":"","meta":{"_et_pb_use_builder":"","_et_pb_old_content":"","_et_gb_content_width":"","two_page_speed":null,"footnotes":"","_links_to":"","_links_to_target":""},"class_list":["post-2589","page","type-page","status-publish","hentry"],"yoast_head":"<!-- This site is optimized with the Yoast SEO plugin v27.3 - https:\/\/yoast.com\/product\/yoast-seo-wordpress\/ -->\n<title>Hydraulik-Gda\u0144sk-redesign - Tr\u00f3jmiasto hydraulik - Hydraulik Gda\u0144sk, Hydraulik Gdynia, Hydraulik Sopot<\/title>\n<meta name=\"robots\" content=\"index, follow, max-snippet:-1, max-image-preview:large, max-video-preview:-1\" \/>\n<link rel=\"canonical\" href=\"https:\/\/trojmiastohydraulik.pl\/uk\/hydraulik-gdansk-redesign\/\" \/>\n<meta property=\"og:locale\" content=\"uk_UA\" \/>\n<meta property=\"og:type\" content=\"article\" \/>\n<meta property=\"og:title\" content=\"Hydraulik-Gda\u0144sk-redesign - Tr\u00f3jmiasto hydraulik - Hydraulik Gda\u0144sk, Hydraulik Gdynia, Hydraulik Sopot\" \/>\n<meta property=\"og:url\" content=\"https:\/\/trojmiastohydraulik.pl\/uk\/hydraulik-gdansk-redesign\/\" \/>\n<meta property=\"og:site_name\" content=\"Tr\u00f3jmiasto hydraulik - Hydraulik Gda\u0144sk, Hydraulik Gdynia, Hydraulik Sopot\" \/>\n<meta property=\"article:publisher\" content=\"https:\/\/www.facebook.com\/profile.php?id=61575093818928&amp;sk=about\" \/>\n<meta property=\"article:modified_time\" content=\"2026-04-16T10:03:03+00:00\" \/>\n<meta name=\"twitter:card\" content=\"summary_large_image\" \/>\n<script type=\"application\/ld+json\" class=\"yoast-schema-graph\" defer>{\"@context\":\"https:\\\/\\\/schema.org\",\"@graph\":[{\"@type\":\"WebPage\",\"@id\":\"https:\\\/\\\/trojmiastohydraulik.pl\\\/hydraulik-gdansk-redesign\\\/\",\"url\":\"https:\\\/\\\/trojmiastohydraulik.pl\\\/hydraulik-gdansk-redesign\\\/\",\"name\":\"Hydraulik-Gda\u0144sk-redesign - Tr\u00f3jmiasto hydraulik - Hydraulik Gda\u0144sk, Hydraulik Gdynia, Hydraulik Sopot\",\"isPartOf\":{\"@id\":\"https:\\\/\\\/trojmiastohydraulik.pl\\\/#website\"},\"datePublished\":\"2021-06-08T17:38:24+00:00\",\"dateModified\":\"2026-04-16T10:03:03+00:00\",\"breadcrumb\":{\"@id\":\"https:\\\/\\\/trojmiastohydraulik.pl\\\/hydraulik-gdansk-redesign\\\/#breadcrumb\"},\"inLanguage\":\"uk\",\"potentialAction\":[{\"@type\":\"ReadAction\",\"target\":[\"https:\\\/\\\/trojmiastohydraulik.pl\\\/hydraulik-gdansk-redesign\\\/\"]}]},{\"@type\":\"BreadcrumbList\",\"@id\":\"https:\\\/\\\/trojmiastohydraulik.pl\\\/hydraulik-gdansk-redesign\\\/#breadcrumb\",\"itemListElement\":[{\"@type\":\"ListItem\",\"position\":1,\"name\":\"Strona g\u0142\u00f3wna\",\"item\":\"https:\\\/\\\/trojmiastohydraulik.pl\\\/\"},{\"@type\":\"ListItem\",\"position\":2,\"name\":\"Hydraulik-Gda\u0144sk-redesign\"}]},{\"@type\":\"WebSite\",\"@id\":\"https:\\\/\\\/trojmiastohydraulik.pl\\\/#website\",\"url\":\"https:\\\/\\\/trojmiastohydraulik.pl\\\/\",\"name\":\"Tr\u00f3jmiasto hydraulik - Hydraulik Gda\u0144sk, Hydraulik Gdynia, Hydraulik Sopot\",\"description\":\"Hydraulik Gda\u0144sk, Gdynia, Sopot, Rumia, Reda, Us\u0142ugi hydrauliczne Lepsze Ni\u017c Dobre! Bia\u0142y monta\u017c, instalacje wodne, instalacje centralnego ogrzewania,usuwanie awarii hydraulicznych\",\"publisher\":{\"@id\":\"https:\\\/\\\/trojmiastohydraulik.pl\\\/#organization\"},\"potentialAction\":[{\"@type\":\"SearchAction\",\"target\":{\"@type\":\"EntryPoint\",\"urlTemplate\":\"https:\\\/\\\/trojmiastohydraulik.pl\\\/?s={search_term_string}\"},\"query-input\":{\"@type\":\"PropertyValueSpecification\",\"valueRequired\":true,\"valueName\":\"search_term_string\"}}],\"inLanguage\":\"uk\"},{\"@type\":\"Organization\",\"@id\":\"https:\\\/\\\/trojmiastohydraulik.pl\\\/#organization\",\"name\":\"Tr\u00f3jmiasto hydraulik - Hydraulik Gda\u0144sk, Hydraulik Gdynia, Hydraulik Sopot\",\"url\":\"https:\\\/\\\/trojmiastohydraulik.pl\\\/\",\"logo\":{\"@type\":\"ImageObject\",\"inLanguage\":\"uk\",\"@id\":\"https:\\\/\\\/trojmiastohydraulik.pl\\\/#\\\/schema\\\/logo\\\/image\\\/\",\"url\":\"https:\\\/\\\/trojmiastohydraulik.pl\\\/wp-content\\\/uploads\\\/2026\\\/04\\\/hydrocentre.jpg\",\"contentUrl\":\"https:\\\/\\\/trojmiastohydraulik.pl\\\/wp-content\\\/uploads\\\/2026\\\/04\\\/hydrocentre.jpg\",\"width\":1000,\"height\":600,\"caption\":\"Tr\u00f3jmiasto hydraulik - Hydraulik Gda\u0144sk, Hydraulik Gdynia, Hydraulik Sopot\"},\"image\":{\"@id\":\"https:\\\/\\\/trojmiastohydraulik.pl\\\/#\\\/schema\\\/logo\\\/image\\\/\"},\"sameAs\":[\"https:\\\/\\\/www.facebook.com\\\/profile.php?id=61575093818928&sk=about\"]}]}<\/script>\n<!-- \/ Yoast SEO plugin. -->","yoast_head_json":{"title":"Hydraulik-Gda\u0144sk-redesign - Tr\u00f3jmiasto hydraulik - Hydraulik Gda\u0144sk, Hydraulik Gdynia, Hydraulik Sopot","robots":{"index":"index","follow":"follow","max-snippet":"max-snippet:-1","max-image-preview":"max-image-preview:large","max-video-preview":"max-video-preview:-1"},"canonical":"https:\/\/trojmiastohydraulik.pl\/uk\/hydraulik-gdansk-redesign\/","og_locale":"uk_UA","og_type":"article","og_title":"Hydraulik-Gda\u0144sk-redesign - Tr\u00f3jmiasto hydraulik - Hydraulik Gda\u0144sk, Hydraulik Gdynia, Hydraulik Sopot","og_url":"https:\/\/trojmiastohydraulik.pl\/uk\/hydraulik-gdansk-redesign\/","og_site_name":"Tr\u00f3jmiasto hydraulik - Hydraulik Gda\u0144sk, Hydraulik Gdynia, Hydraulik Sopot","article_publisher":"https:\/\/www.facebook.com\/profile.php?id=61575093818928&sk=about","article_modified_time":"2026-04-16T10:03:03+00:00","twitter_card":"summary_large_image","schema":{"@context":"https:\/\/schema.org","@graph":[{"@type":"WebPage","@id":"https:\/\/trojmiastohydraulik.pl\/hydraulik-gdansk-redesign\/","url":"https:\/\/trojmiastohydraulik.pl\/hydraulik-gdansk-redesign\/","name":"Hydraulik-Gda\u0144sk-redesign - Tr\u00f3jmiasto hydraulik - Hydraulik Gda\u0144sk, Hydraulik Gdynia, Hydraulik Sopot","isPartOf":{"@id":"https:\/\/trojmiastohydraulik.pl\/#website"},"datePublished":"2021-06-08T17:38:24+00:00","dateModified":"2026-04-16T10:03:03+00:00","breadcrumb":{"@id":"https:\/\/trojmiastohydraulik.pl\/hydraulik-gdansk-redesign\/#breadcrumb"},"inLanguage":"uk","potentialAction":[{"@type":"ReadAction","target":["https:\/\/trojmiastohydraulik.pl\/hydraulik-gdansk-redesign\/"]}]},{"@type":"BreadcrumbList","@id":"https:\/\/trojmiastohydraulik.pl\/hydraulik-gdansk-redesign\/#breadcrumb","itemListElement":[{"@type":"ListItem","position":1,"name":"Strona g\u0142\u00f3wna","item":"https:\/\/trojmiastohydraulik.pl\/"},{"@type":"ListItem","position":2,"name":"Hydraulik-Gda\u0144sk-redesign"}]},{"@type":"WebSite","@id":"https:\/\/trojmiastohydraulik.pl\/#website","url":"https:\/\/trojmiastohydraulik.pl\/","name":"Tr\u00f3jmiasto hydraulik - Hydraulik Gda\u0144sk, Hydraulik Gdynia, Hydraulik Sopot","description":"\u0421\u0430\u043d\u0442\u0435\u0445\u043d\u0456\u043a \u0413\u0434\u0430\u043d\u0441\u044c\u043a, \u0413\u0434\u0438\u043d\u044f, \u0421\u043e\u043f\u043e\u0442, \u0420\u0443\u043c\u0456\u044f, \u0420\u0435\u0434\u0430, \u0441\u0430\u043d\u0442\u0435\u0445\u043d\u0456\u0447\u043d\u0456 \u043f\u043e\u0441\u043b\u0443\u0433\u0438 \u043a\u0440\u0430\u0449\u0435 \u043d\u0456\u0436 \u0434\u043e\u0431\u0440\u0435! \u0411\u0456\u043b\u0438\u0439 \u043c\u043e\u043d\u0442\u0430\u0436, \u0432\u043e\u0434\u043e\u043f\u0440\u043e\u0432\u0456\u0434, \u0446\u0435\u043d\u0442\u0440\u0430\u043b\u044c\u043d\u0435 \u043e\u043f\u0430\u043b\u0435\u043d\u043d\u044f, \u0443\u0441\u0443\u043d\u0435\u043d\u043d\u044f \u043d\u0435\u0441\u043f\u0440\u0430\u0432\u043d\u043e\u0441\u0442\u0435\u0439 \u0433\u0456\u0434\u0440\u0430\u0432\u043b\u0456\u043a\u0438","publisher":{"@id":"https:\/\/trojmiastohydraulik.pl\/#organization"},"potentialAction":[{"@type":"SearchAction","target":{"@type":"EntryPoint","urlTemplate":"https:\/\/trojmiastohydraulik.pl\/?s={search_term_string}"},"query-input":{"@type":"PropertyValueSpecification","valueRequired":true,"valueName":"search_term_string"}}],"inLanguage":"uk"},{"@type":"Organization","@id":"https:\/\/trojmiastohydraulik.pl\/#organization","name":"Tr\u00f3jmiasto hydraulik - Hydraulik Gda\u0144sk, Hydraulik Gdynia, Hydraulik Sopot","url":"https:\/\/trojmiastohydraulik.pl\/","logo":{"@type":"ImageObject","inLanguage":"uk","@id":"https:\/\/trojmiastohydraulik.pl\/#\/schema\/logo\/image\/","url":"https:\/\/trojmiastohydraulik.pl\/wp-content\/uploads\/2026\/04\/hydrocentre.jpg","contentUrl":"https:\/\/trojmiastohydraulik.pl\/wp-content\/uploads\/2026\/04\/hydrocentre.jpg","width":1000,"height":600,"caption":"Tr\u00f3jmiasto hydraulik - Hydraulik Gda\u0144sk, Hydraulik Gdynia, Hydraulik Sopot"},"image":{"@id":"https:\/\/trojmiastohydraulik.pl\/#\/schema\/logo\/image\/"},"sameAs":["https:\/\/www.facebook.com\/profile.php?id=61575093818928&sk=about"]}]}},"jetpack_sharing_enabled":true,"_links":{"self":[{"href":"https:\/\/trojmiastohydraulik.pl\/uk\/wp-json\/wp\/v2\/pages\/2589","targetHints":{"allow":["GET"]}}],"collection":[{"href":"https:\/\/trojmiastohydraulik.pl\/uk\/wp-json\/wp\/v2\/pages"}],"about":[{"href":"https:\/\/trojmiastohydraulik.pl\/uk\/wp-json\/wp\/v2\/types\/page"}],"author":[{"embeddable":true,"href":"https:\/\/trojmiastohydraulik.pl\/uk\/wp-json\/wp\/v2\/users\/1"}],"replies":[{"embeddable":true,"href":"https:\/\/trojmiastohydraulik.pl\/uk\/wp-json\/wp\/v2\/comments?post=2589"}],"version-history":[{"count":1,"href":"https:\/\/trojmiastohydraulik.pl\/uk\/wp-json\/wp\/v2\/pages\/2589\/revisions"}],"predecessor-version":[{"id":2590,"href":"https:\/\/trojmiastohydraulik.pl\/uk\/wp-json\/wp\/v2\/pages\/2589\/revisions\/2590"}],"wp:attachment":[{"href":"https:\/\/trojmiastohydraulik.pl\/uk\/wp-json\/wp\/v2\/media?parent=2589"}],"curies":[{"name":"wp","href":"https:\/\/api.w.org\/{rel}","templated":true}]}}