{"id":608,"date":"2018-10-09T15:27:57","date_gmt":"2018-10-09T13:27:57","guid":{"rendered":"http:\/\/trojmiastohydraulik.pl\/?page_id=608"},"modified":"2021-11-02T11:24:30","modified_gmt":"2021-11-02T10:24:30","slug":"hydraulik-praca-gdansk","status":"publish","type":"page","link":"https:\/\/trojmiastohydraulik.pl\/en\/hydraulik-praca-gdansk\/","title":{"rendered":"Plumber Jobs Gdansk"},"content":{"rendered":"<p>[et_pb_section fb_built=&#8221;1&#8243; custom_padding_last_edited=&#8221;on|desktop&#8221; admin_label=&#8221;section&#8221; _builder_version=&#8221;3.22&#8243; background_color=&#8221;rgba(255,255,255,0)&#8221; background_image=&#8221;https:\/\/trojmiastohydraulik.pl\/wp-content\/uploads\/2018\/10\/hydrauliku.jpg&#8221; custom_padding=&#8221;54px|0px|0px|0px&#8221; custom_padding_tablet=&#8221;50px|0|50px|0&#8243; custom_padding_phone=&#8221;50px|0|50px|0&#8243; transparent_background=&#8221;on&#8221; padding_mobile=&#8221;off&#8221; make_fullwidth=&#8221;off&#8221; use_custom_width=&#8221;off&#8221; width_unit=&#8221;off&#8221; custom_width_px=&#8221;1080px&#8221; custom_width_percent=&#8221;80%&#8221; global_colors_info=&#8221;{}&#8221;][et_pb_row padding_mobile=&#8221;off&#8221; column_padding_mobile=&#8221;on&#8221; _builder_version=&#8221;3.25&#8243; background_size=&#8221;initial&#8221; background_position=&#8221;top_left&#8221; background_repeat=&#8221;repeat&#8221; make_fullwidth=&#8221;off&#8221; use_custom_width=&#8221;off&#8221; width_unit=&#8221;off&#8221; custom_width_px=&#8221;1080px&#8221; custom_width_percent=&#8221;80%&#8221; global_colors_info=&#8221;{}&#8221;][et_pb_column type=&#8221;4_4&#8243; _builder_version=&#8221;3.25&#8243; custom_padding=&#8221;|||&#8221; global_colors_info=&#8221;{}&#8221; custom_padding__hover=&#8221;|||&#8221;][et_pb_text _builder_version=&#8221;4.12.0&#8243; header_text_color=&#8221;#edf000&#8243; header_font_size=&#8221;42px&#8221; background_size=&#8221;initial&#8221; background_position=&#8221;top_left&#8221; background_repeat=&#8221;repeat&#8221; text_orientation=&#8221;center&#8221; background_layout=&#8221;dark&#8221; module_alignment=&#8221;center&#8221; hover_enabled=&#8221;0&#8243; use_border_color=&#8221;off&#8221; border_style=&#8221;solid&#8221; global_colors_info=&#8221;{}&#8221; header_font_size_last_edited=&#8221;on|phone&#8221; sticky_enabled=&#8221;0&#8243; header_font_size_phone=&#8221;25px&#8221; header_font_size_tablet=&#8221;42px&#8221;]<\/p>\n<h1 style=\"text-align: center;\"><strong>Hydraulik Praca Gda\u0144sk &#8211; Jeste\u015b Fachowcem i szukasz pewnej pracy? Do\u0142\u0105cz do Nas!<\/strong><\/h1>\n<p>[\/et_pb_text][\/et_pb_column][\/et_pb_row][et_pb_row column_structure=&#8221;1_2,1_2&#8243; padding_mobile=&#8221;off&#8221; column_padding_mobile=&#8221;on&#8221; _builder_version=&#8221;3.25&#8243; background_size=&#8221;initial&#8221; background_position=&#8221;top_left&#8221; background_repeat=&#8221;repeat&#8221; custom_padding=&#8221;27px|0px|0px|0px&#8221; make_fullwidth=&#8221;off&#8221; use_custom_width=&#8221;off&#8221; width_unit=&#8221;off&#8221; custom_width_px=&#8221;1080px&#8221; custom_width_percent=&#8221;80%&#8221; global_colors_info=&#8221;{}&#8221;][et_pb_column type=&#8221;1_2&#8243; _builder_version=&#8221;3.25&#8243; custom_padding=&#8221;|||&#8221; global_colors_info=&#8221;{}&#8221; custom_padding__hover=&#8221;|||&#8221;][et_pb_text _builder_version=&#8221;4.12.0&#8243; background_size=&#8221;initial&#8221; background_position=&#8221;top_left&#8221; background_repeat=&#8221;repeat&#8221; text_orientation=&#8221;center&#8221; background_layout=&#8221;dark&#8221; module_alignment=&#8221;center&#8221; hover_enabled=&#8221;0&#8243; use_border_color=&#8221;off&#8221; border_style=&#8221;solid&#8221; global_colors_info=&#8221;{}&#8221; header_font_size_last_edited=&#8221;on|phone&#8221; sticky_enabled=&#8221;0&#8243; header_font_size_phone=&#8221;25px&#8221;]<\/p>\n<h1 style=\"text-align: center;\"><strong>Poszukujemy hydraulik\u00f3w do pracy w pogotowiu hydraulicznym.<\/strong><\/h1>\n<h1 style=\"text-align: center;\">Zg\u0142o\u015b si\u0119 Teraz do nas i zacznij zarabia\u0107 realne pieni\u0105dze.<strong>\u00a0<\/strong><\/h1>\n<p>[\/et_pb_text][\/et_pb_column][et_pb_column type=&#8221;1_2&#8243; _builder_version=&#8221;3.25&#8243; custom_padding=&#8221;|||&#8221; global_colors_info=&#8221;{}&#8221; custom_padding__hover=&#8221;|||&#8221;][et_pb_text _builder_version=&#8221;4.12.0&#8243; background_size=&#8221;initial&#8221; background_position=&#8221;top_left&#8221; background_repeat=&#8221;repeat&#8221; text_orientation=&#8221;center&#8221; background_layout=&#8221;dark&#8221; module_alignment=&#8221;center&#8221; hover_enabled=&#8221;0&#8243; use_border_color=&#8221;off&#8221; border_style=&#8221;solid&#8221; global_colors_info=&#8221;{}&#8221; header_font_size_last_edited=&#8221;on|phone&#8221; sticky_enabled=&#8221;0&#8243; header_font_size_phone=&#8221;25px&#8221;]<\/p>\n<h1><strong>Wystarczy, \u017ce posiadasz:<\/strong><\/h1>\n<ul>\n<li>\n<h1 style=\"text-align: left;\"><strong>Minimum 2 lata do\u015bwiadczenia jako hydraulik<\/strong><\/h1>\n<\/li>\n<li>\n<h1 style=\"text-align: left;\"><strong><\/strong><b style=\"font-size: 30px;\">Lubisz prace z klientem<\/b><\/h1>\n<\/li>\n<li>\n<h1 style=\"text-align: left;\"><b style=\"font-size: 30px;\">\u00a0Masz ch\u0119ci do pracy<\/b><\/h1>\n<\/li>\n<li>\n<h1 style=\"text-align: left;\"><b>Jeste\u015b dyspozycyjny<\/b><\/h1>\n<\/li>\n<\/ul>\n<h1><strong>\u00a0<\/strong><\/h1>\n<p>[\/et_pb_text][\/et_pb_column][\/et_pb_row][et_pb_row column_structure=&#8221;1_2,1_2&#8243; padding_mobile=&#8221;off&#8221; column_padding_mobile=&#8221;on&#8221; _builder_version=&#8221;3.25&#8243; background_size=&#8221;initial&#8221; background_position=&#8221;top_left&#8221; background_repeat=&#8221;repeat&#8221; custom_padding=&#8221;27px|0px|0px|0px&#8221; make_fullwidth=&#8221;off&#8221; use_custom_width=&#8221;off&#8221; width_unit=&#8221;off&#8221; custom_width_px=&#8221;1080px&#8221; custom_width_percent=&#8221;80%&#8221; global_colors_info=&#8221;{}&#8221;][et_pb_column type=&#8221;1_2&#8243; _builder_version=&#8221;3.25&#8243; custom_padding=&#8221;|||&#8221; global_colors_info=&#8221;{}&#8221; custom_padding__hover=&#8221;|||&#8221;][et_pb_text _builder_version=&#8221;4.12.0&#8243; background_size=&#8221;initial&#8221; background_position=&#8221;top_left&#8221; background_repeat=&#8221;repeat&#8221; text_orientation=&#8221;center&#8221; background_layout=&#8221;dark&#8221; module_alignment=&#8221;center&#8221; hover_enabled=&#8221;0&#8243; use_border_color=&#8221;off&#8221; border_style=&#8221;solid&#8221; global_colors_info=&#8221;{}&#8221; header_font_size_last_edited=&#8221;on|phone&#8221; sticky_enabled=&#8221;0&#8243; header_font_size_phone=&#8221;25px&#8221; header_line_height=&#8221;1.2em&#8221;]<\/p>\n<h1 style=\"text-align: center;\"><strong>Jak to dzia\u0142a: Wy\u015blij do nas wiadomo\u015b\u0107 w formularzu poni\u017cej, \u017ce jeste\u015b zainteresowany prac\u0105 jako hydraulik<\/strong><\/h1>\n<p>[\/et_pb_text][\/et_pb_column][et_pb_column type=&#8221;1_2&#8243; _builder_version=&#8221;3.25&#8243; custom_padding=&#8221;|||&#8221; global_colors_info=&#8221;{}&#8221; custom_padding__hover=&#8221;|||&#8221;][et_pb_text _builder_version=&#8221;3.27.4&#8243; background_size=&#8221;initial&#8221; background_position=&#8221;top_left&#8221; background_repeat=&#8221;repeat&#8221; text_orientation=&#8221;center&#8221; background_layout=&#8221;dark&#8221; module_alignment=&#8221;center&#8221; use_border_color=&#8221;off&#8221; border_style=&#8221;solid&#8221; global_colors_info=&#8221;{}&#8221;]<\/p>\n<h1><\/h1>\n<h1><strong>\u00a0<\/strong><\/h1>\n<p>[\/et_pb_text][et_pb_text _builder_version=&#8221;4.12.0&#8243; background_size=&#8221;initial&#8221; background_position=&#8221;top_left&#8221; background_repeat=&#8221;repeat&#8221; text_orientation=&#8221;center&#8221; background_layout=&#8221;dark&#8221; module_alignment=&#8221;center&#8221; hover_enabled=&#8221;0&#8243; use_border_color=&#8221;off&#8221; border_style=&#8221;solid&#8221; global_colors_info=&#8221;{}&#8221; custom_padding=&#8221;5px|||||&#8221; header_font_size_last_edited=&#8221;on|phone&#8221; sticky_enabled=&#8221;0&#8243; header_font_size_phone=&#8221;25px&#8221; header_line_height=&#8221;1.2em&#8221;]<\/p>\n<h1 style=\"text-align: center;\"><strong>Ile mo\u017cna zarobi\u0107?: Wynagrodzenie hydraulika zale\u017cy od jego umiej\u0119tno\u015bci, sta\u017cu pracy i pr\u0119dko\u015bci wykonywania prac hydraulicznych.Wy\u015blij teraz wiadomo\u015bc poni\u017cej by dowiedzie\u0107 si\u0119 wi\u0119cej\u00a0<\/strong><\/h1>\n<p>[\/et_pb_text][et_pb_text _builder_version=&#8221;3.27.4&#8243; background_size=&#8221;initial&#8221; background_position=&#8221;top_left&#8221; background_repeat=&#8221;repeat&#8221; text_orientation=&#8221;center&#8221; background_layout=&#8221;dark&#8221; module_alignment=&#8221;center&#8221; use_border_color=&#8221;off&#8221; border_style=&#8221;solid&#8221; global_colors_info=&#8221;{}&#8221;]<\/p>\n<h1><\/h1>\n<h1><strong>\u00a0<\/strong><\/h1>\n<p>[\/et_pb_text][\/et_pb_column][\/et_pb_row][\/et_pb_section][et_pb_section fb_built=&#8221;1&#8243; custom_padding_last_edited=&#8221;on|desktop&#8221; _builder_version=&#8221;3.22&#8243; background_color=&#8221;#d1d1d1&#8243; custom_padding=&#8221;54px|0px|0px|0px&#8221; custom_padding_tablet=&#8221;50px|0|50px|0&#8243; custom_padding_phone=&#8221;50px|0|50px|0&#8243; transparent_background=&#8221;off&#8221; padding_mobile=&#8221;off&#8221; make_fullwidth=&#8221;off&#8221; use_custom_width=&#8221;off&#8221; width_unit=&#8221;off&#8221; custom_width_px=&#8221;1080px&#8221; custom_width_percent=&#8221;80%&#8221; global_colors_info=&#8221;{}&#8221;][et_pb_row padding_mobile=&#8221;off&#8221; column_padding_mobile=&#8221;on&#8221; _builder_version=&#8221;3.25&#8243; background_size=&#8221;initial&#8221; background_position=&#8221;top_left&#8221; background_repeat=&#8221;repeat&#8221; make_fullwidth=&#8221;off&#8221; use_custom_width=&#8221;off&#8221; width_unit=&#8221;off&#8221; custom_width_px=&#8221;1080px&#8221; custom_width_percent=&#8221;80%&#8221; global_colors_info=&#8221;{}&#8221;][et_pb_column type=&#8221;4_4&#8243; _builder_version=&#8221;3.25&#8243; custom_padding=&#8221;|||&#8221; global_colors_info=&#8221;{}&#8221; custom_padding__hover=&#8221;|||&#8221;][et_pb_text _builder_version=&#8221;3.27.4&#8243; background_size=&#8221;initial&#8221; background_position=&#8221;top_left&#8221; background_repeat=&#8221;repeat&#8221; use_border_color=&#8221;off&#8221; border_style=&#8221;solid&#8221; global_colors_info=&#8221;{}&#8221;]<\/p>\n<h1 style=\"text-align: center;\">Hydraulik Praca &#8211; Napisz do Nas!<\/h1>\n<p>[\/et_pb_text][\/et_pb_column][\/et_pb_row][et_pb_row padding_mobile=&#8221;off&#8221; column_padding_mobile=&#8221;on&#8221; _builder_version=&#8221;3.25&#8243; background_size=&#8221;initial&#8221; background_position=&#8221;top_left&#8221; background_repeat=&#8221;repeat&#8221; make_fullwidth=&#8221;off&#8221; use_custom_width=&#8221;off&#8221; width_unit=&#8221;off&#8221; custom_width_px=&#8221;1080px&#8221; custom_width_percent=&#8221;80%&#8221; global_colors_info=&#8221;{}&#8221;][et_pb_column type=&#8221;4_4&#8243; _builder_version=&#8221;3.25&#8243; custom_padding=&#8221;|||&#8221; global_colors_info=&#8221;{}&#8221; custom_padding__hover=&#8221;|||&#8221;][et_pb_contact_form email=&#8221;biuro@citohelp.pl&#8221; module_id=&#8221;et_pb_contact_form_0&#8243; _builder_version=&#8221;4.12.0&#8243; hover_enabled=&#8221;0&#8243; border_radii=&#8221;on|0px|0px|0px|0px&#8221; use_border_color=&#8221;off&#8221; border_color=&#8221;#ffffff&#8221; border_width=&#8221;1px&#8221; border_style=&#8221;solid&#8221; input_border_radius=&#8221;0&#8243; global_colors_info=&#8221;{}&#8221; button_letter_spacing_hover=&#8221;0&#8243; sticky_enabled=&#8221;0&#8243;][et_pb_contact_field field_id=&#8221;Imi\u0119&#8221; field_title=&#8221;Imi\u0119&#8221; _builder_version=&#8221;3.16&#8243; border_radii=&#8221;on|0px|0px|0px|0px&#8221; input_border_radius=&#8221;0&#8243; global_colors_info=&#8221;{}&#8221; button_text_size__hover_enabled=&#8221;off&#8221; button_one_text_size__hover_enabled=&#8221;off&#8221; button_two_text_size__hover_enabled=&#8221;off&#8221; button_text_color__hover_enabled=&#8221;off&#8221; button_one_text_color__hover_enabled=&#8221;off&#8221; button_two_text_color__hover_enabled=&#8221;off&#8221; button_border_width__hover_enabled=&#8221;off&#8221; button_one_border_width__hover_enabled=&#8221;off&#8221; button_two_border_width__hover_enabled=&#8221;off&#8221; button_border_color__hover_enabled=&#8221;off&#8221; button_one_border_color__hover_enabled=&#8221;off&#8221; button_two_border_color__hover_enabled=&#8221;off&#8221; button_border_radius__hover_enabled=&#8221;off&#8221; button_one_border_radius__hover_enabled=&#8221;off&#8221; button_two_border_radius__hover_enabled=&#8221;off&#8221; button_letter_spacing__hover_enabled=&#8221;off&#8221; button_one_letter_spacing__hover_enabled=&#8221;off&#8221; button_two_letter_spacing__hover_enabled=&#8221;off&#8221; button_bg_color__hover_enabled=&#8221;off&#8221; button_one_bg_color__hover_enabled=&#8221;off&#8221; button_two_bg_color__hover_enabled=&#8221;off&#8221;][\/et_pb_contact_field][et_pb_contact_field field_id=&#8221;Email&#8221; field_title=&#8221;Adres mejlowy&#8221; field_type=&#8221;email&#8221; _builder_version=&#8221;3.16&#8243; border_radii=&#8221;on|0px|0px|0px|0px&#8221; input_border_radius=&#8221;0&#8243; global_colors_info=&#8221;{}&#8221; button_text_size__hover_enabled=&#8221;off&#8221; button_one_text_size__hover_enabled=&#8221;off&#8221; button_two_text_size__hover_enabled=&#8221;off&#8221; button_text_color__hover_enabled=&#8221;off&#8221; button_one_text_color__hover_enabled=&#8221;off&#8221; button_two_text_color__hover_enabled=&#8221;off&#8221; button_border_width__hover_enabled=&#8221;off&#8221; button_one_border_width__hover_enabled=&#8221;off&#8221; button_two_border_width__hover_enabled=&#8221;off&#8221; button_border_color__hover_enabled=&#8221;off&#8221; button_one_border_color__hover_enabled=&#8221;off&#8221; button_two_border_color__hover_enabled=&#8221;off&#8221; button_border_radius__hover_enabled=&#8221;off&#8221; button_one_border_radius__hover_enabled=&#8221;off&#8221; button_two_border_radius__hover_enabled=&#8221;off&#8221; button_letter_spacing__hover_enabled=&#8221;off&#8221; button_one_letter_spacing__hover_enabled=&#8221;off&#8221; button_two_letter_spacing__hover_enabled=&#8221;off&#8221; button_bg_color__hover_enabled=&#8221;off&#8221; button_one_bg_color__hover_enabled=&#8221;off&#8221; button_two_bg_color__hover_enabled=&#8221;off&#8221;][\/et_pb_contact_field][et_pb_contact_field field_id=&#8221;Message&#8221; field_title=&#8221;Wiadomo\u015b\u0107&#8221; field_type=&#8221;text&#8221; fullwidth_field=&#8221;on&#8221; _builder_version=&#8221;3.16&#8243; border_radii=&#8221;on|0px|0px|0px|0px&#8221; input_border_radius=&#8221;0&#8243; global_colors_info=&#8221;{}&#8221; button_text_size__hover_enabled=&#8221;off&#8221; button_one_text_size__hover_enabled=&#8221;off&#8221; button_two_text_size__hover_enabled=&#8221;off&#8221; button_text_color__hover_enabled=&#8221;off&#8221; button_one_text_color__hover_enabled=&#8221;off&#8221; button_two_text_color__hover_enabled=&#8221;off&#8221; button_border_width__hover_enabled=&#8221;off&#8221; button_one_border_width__hover_enabled=&#8221;off&#8221; button_two_border_width__hover_enabled=&#8221;off&#8221; button_border_color__hover_enabled=&#8221;off&#8221; button_one_border_color__hover_enabled=&#8221;off&#8221; button_two_border_color__hover_enabled=&#8221;off&#8221; button_border_radius__hover_enabled=&#8221;off&#8221; button_one_border_radius__hover_enabled=&#8221;off&#8221; button_two_border_radius__hover_enabled=&#8221;off&#8221; button_letter_spacing__hover_enabled=&#8221;off&#8221; button_one_letter_spacing__hover_enabled=&#8221;off&#8221; button_two_letter_spacing__hover_enabled=&#8221;off&#8221; button_bg_color__hover_enabled=&#8221;off&#8221; button_one_bg_color__hover_enabled=&#8221;off&#8221; button_two_bg_color__hover_enabled=&#8221;off&#8221;][\/et_pb_contact_field][\/et_pb_contact_form][\/et_pb_column][\/et_pb_row][\/et_pb_section]<\/p>\n","protected":false},"excerpt":{"rendered":"<p>Hydraulik Praca Gda\u0144sk &#8211; Jeste\u015b Fachowcem i szukasz pewnej pracy? Do\u0142\u0105cz do Nas!Poszukujemy hydraulik\u00f3w do pracy w pogotowiu hydraulicznym. Zg\u0142o\u015b si\u0119 Teraz do nas i zacznij zarabia\u0107 realne pieni\u0105dze.\u00a0Wystarczy, \u017ce posiadasz: Minimum 2 lata do\u015bwiadczenia jako hydraulik Lubisz prace z klientem \u00a0Masz ch\u0119ci do pracy Jeste\u015b dyspozycyjny \u00a0Jak to dzia\u0142a: Wy\u015blij do nas wiadomo\u015b\u0107 w [&hellip;]<\/p>\n","protected":false},"author":1,"featured_media":0,"parent":0,"menu_order":0,"comment_status":"closed","ping_status":"closed","template":"","meta":{"_et_pb_use_builder":"on","_et_pb_old_content":"","_et_gb_content_width":"","two_page_speed":[],"footnotes":"","_links_to":"","_links_to_target":""},"class_list":["post-608","page","type-page","status-publish","hentry"],"yoast_head":"<!-- This site is optimized with the Yoast SEO plugin v27.3 - https:\/\/yoast.com\/product\/yoast-seo-wordpress\/ -->\n<title>Hydraulik Praca Gda\u0144sk - Zosta\u0144 Naszym Hydraulikiem w Tr\u00f3jmie\u015bcie!<\/title>\n<meta name=\"description\" content=\"Hydraulik Praca Gda\u0144sk - Zosta\u0144 naszym fachowcem i zarabiaj powa\u017cne pieni\u0105dze wykonuj\u0105c zlecenia hydrauliczne!\" \/>\n<meta name=\"robots\" content=\"index, follow, max-snippet:-1, max-image-preview:large, max-video-preview:-1\" \/>\n<link rel=\"canonical\" href=\"https:\/\/trojmiastohydraulik.pl\/en\/hydraulik-praca-gdansk\/\" \/>\n<meta property=\"og:locale\" content=\"en_GB\" \/>\n<meta property=\"og:type\" content=\"article\" \/>\n<meta property=\"og:title\" content=\"Hydraulik Praca Gda\u0144sk - Zosta\u0144 Naszym Hydraulikiem w Tr\u00f3jmie\u015bcie!\" \/>\n<meta property=\"og:description\" content=\"Hydraulik Praca Gda\u0144sk - Zosta\u0144 naszym fachowcem i zarabiaj powa\u017cne pieni\u0105dze wykonuj\u0105c zlecenia hydrauliczne!\" \/>\n<meta property=\"og:url\" content=\"https:\/\/trojmiastohydraulik.pl\/en\/hydraulik-praca-gdansk\/\" \/>\n<meta property=\"og:site_name\" content=\"Tr\u00f3jmiasto hydraulik - Hydraulik Gda\u0144sk, Hydraulik Gdynia, Hydraulik Sopot\" \/>\n<meta property=\"article:publisher\" content=\"https:\/\/www.facebook.com\/profile.php?id=61575093818928&amp;sk=about\" \/>\n<meta property=\"article:modified_time\" content=\"2021-11-02T10:24:30+00:00\" \/>\n<meta name=\"twitter:card\" content=\"summary_large_image\" \/>\n<meta name=\"twitter:label1\" content=\"Estimated reading time\" \/>\n\t<meta name=\"twitter:data1\" content=\"8 minutes\" \/>\n<script type=\"application\/ld+json\" class=\"yoast-schema-graph\" defer>{\"@context\":\"https:\\\/\\\/schema.org\",\"@graph\":[{\"@type\":\"WebPage\",\"@id\":\"https:\\\/\\\/trojmiastohydraulik.pl\\\/hydraulik-praca-gdansk\\\/\",\"url\":\"https:\\\/\\\/trojmiastohydraulik.pl\\\/hydraulik-praca-gdansk\\\/\",\"name\":\"Hydraulik Praca Gda\u0144sk - Zosta\u0144 Naszym Hydraulikiem w Tr\u00f3jmie\u015bcie!\",\"isPartOf\":{\"@id\":\"https:\\\/\\\/trojmiastohydraulik.pl\\\/#website\"},\"datePublished\":\"2018-10-09T13:27:57+00:00\",\"dateModified\":\"2021-11-02T10:24:30+00:00\",\"description\":\"Hydraulik Praca Gda\u0144sk - Zosta\u0144 naszym fachowcem i zarabiaj powa\u017cne pieni\u0105dze wykonuj\u0105c zlecenia hydrauliczne!\",\"breadcrumb\":{\"@id\":\"https:\\\/\\\/trojmiastohydraulik.pl\\\/hydraulik-praca-gdansk\\\/#breadcrumb\"},\"inLanguage\":\"en-GB\",\"potentialAction\":[{\"@type\":\"ReadAction\",\"target\":[\"https:\\\/\\\/trojmiastohydraulik.pl\\\/hydraulik-praca-gdansk\\\/\"]}]},{\"@type\":\"BreadcrumbList\",\"@id\":\"https:\\\/\\\/trojmiastohydraulik.pl\\\/hydraulik-praca-gdansk\\\/#breadcrumb\",\"itemListElement\":[{\"@type\":\"ListItem\",\"position\":1,\"name\":\"Strona g\u0142\u00f3wna\",\"item\":\"https:\\\/\\\/trojmiastohydraulik.pl\\\/\"},{\"@type\":\"ListItem\",\"position\":2,\"name\":\"Hydraulik Praca Gda\u0144sk\"}]},{\"@type\":\"WebSite\",\"@id\":\"https:\\\/\\\/trojmiastohydraulik.pl\\\/#website\",\"url\":\"https:\\\/\\\/trojmiastohydraulik.pl\\\/\",\"name\":\"Tr\u00f3jmiasto hydraulik - Hydraulik Gda\u0144sk, Hydraulik Gdynia, Hydraulik Sopot\",\"description\":\"Hydraulik Gda\u0144sk, Gdynia, Sopot, Rumia, Reda, Us\u0142ugi hydrauliczne Lepsze Ni\u017c Dobre! Bia\u0142y monta\u017c, instalacje wodne, instalacje centralnego ogrzewania,usuwanie awarii hydraulicznych\",\"publisher\":{\"@id\":\"https:\\\/\\\/trojmiastohydraulik.pl\\\/#organization\"},\"potentialAction\":[{\"@type\":\"SearchAction\",\"target\":{\"@type\":\"EntryPoint\",\"urlTemplate\":\"https:\\\/\\\/trojmiastohydraulik.pl\\\/?s={search_term_string}\"},\"query-input\":{\"@type\":\"PropertyValueSpecification\",\"valueRequired\":true,\"valueName\":\"search_term_string\"}}],\"inLanguage\":\"en-GB\"},{\"@type\":\"Organization\",\"@id\":\"https:\\\/\\\/trojmiastohydraulik.pl\\\/#organization\",\"name\":\"Tr\u00f3jmiasto hydraulik - Hydraulik Gda\u0144sk, Hydraulik Gdynia, Hydraulik Sopot\",\"url\":\"https:\\\/\\\/trojmiastohydraulik.pl\\\/\",\"logo\":{\"@type\":\"ImageObject\",\"inLanguage\":\"en-GB\",\"@id\":\"https:\\\/\\\/trojmiastohydraulik.pl\\\/#\\\/schema\\\/logo\\\/image\\\/\",\"url\":\"https:\\\/\\\/trojmiastohydraulik.pl\\\/wp-content\\\/uploads\\\/2026\\\/04\\\/hydrocentre.jpg\",\"contentUrl\":\"https:\\\/\\\/trojmiastohydraulik.pl\\\/wp-content\\\/uploads\\\/2026\\\/04\\\/hydrocentre.jpg\",\"width\":1000,\"height\":600,\"caption\":\"Tr\u00f3jmiasto hydraulik - Hydraulik Gda\u0144sk, Hydraulik Gdynia, Hydraulik Sopot\"},\"image\":{\"@id\":\"https:\\\/\\\/trojmiastohydraulik.pl\\\/#\\\/schema\\\/logo\\\/image\\\/\"},\"sameAs\":[\"https:\\\/\\\/www.facebook.com\\\/profile.php?id=61575093818928&sk=about\"]}]}<\/script>\n<!-- \/ Yoast SEO plugin. -->","yoast_head_json":{"title":"Hydraulik Praca Gda\u0144sk - Zosta\u0144 Naszym Hydraulikiem w Tr\u00f3jmie\u015bcie!","description":"Hydraulik Praca Gda\u0144sk - Zosta\u0144 naszym fachowcem i zarabiaj powa\u017cne pieni\u0105dze wykonuj\u0105c zlecenia hydrauliczne!","robots":{"index":"index","follow":"follow","max-snippet":"max-snippet:-1","max-image-preview":"max-image-preview:large","max-video-preview":"max-video-preview:-1"},"canonical":"https:\/\/trojmiastohydraulik.pl\/en\/hydraulik-praca-gdansk\/","og_locale":"en_GB","og_type":"article","og_title":"Hydraulik Praca Gda\u0144sk - Zosta\u0144 Naszym Hydraulikiem w Tr\u00f3jmie\u015bcie!","og_description":"Hydraulik Praca Gda\u0144sk - Zosta\u0144 naszym fachowcem i zarabiaj powa\u017cne pieni\u0105dze wykonuj\u0105c zlecenia hydrauliczne!","og_url":"https:\/\/trojmiastohydraulik.pl\/en\/hydraulik-praca-gdansk\/","og_site_name":"Tr\u00f3jmiasto hydraulik - Hydraulik Gda\u0144sk, Hydraulik Gdynia, Hydraulik Sopot","article_publisher":"https:\/\/www.facebook.com\/profile.php?id=61575093818928&sk=about","article_modified_time":"2021-11-02T10:24:30+00:00","twitter_card":"summary_large_image","twitter_misc":{"Estimated reading time":"8 minutes"},"schema":{"@context":"https:\/\/schema.org","@graph":[{"@type":"WebPage","@id":"https:\/\/trojmiastohydraulik.pl\/hydraulik-praca-gdansk\/","url":"https:\/\/trojmiastohydraulik.pl\/hydraulik-praca-gdansk\/","name":"Hydraulik Praca Gda\u0144sk - Zosta\u0144 Naszym Hydraulikiem w Tr\u00f3jmie\u015bcie!","isPartOf":{"@id":"https:\/\/trojmiastohydraulik.pl\/#website"},"datePublished":"2018-10-09T13:27:57+00:00","dateModified":"2021-11-02T10:24:30+00:00","description":"Hydraulik Praca Gda\u0144sk - Zosta\u0144 naszym fachowcem i zarabiaj powa\u017cne pieni\u0105dze wykonuj\u0105c zlecenia hydrauliczne!","breadcrumb":{"@id":"https:\/\/trojmiastohydraulik.pl\/hydraulik-praca-gdansk\/#breadcrumb"},"inLanguage":"en-GB","potentialAction":[{"@type":"ReadAction","target":["https:\/\/trojmiastohydraulik.pl\/hydraulik-praca-gdansk\/"]}]},{"@type":"BreadcrumbList","@id":"https:\/\/trojmiastohydraulik.pl\/hydraulik-praca-gdansk\/#breadcrumb","itemListElement":[{"@type":"ListItem","position":1,"name":"Strona g\u0142\u00f3wna","item":"https:\/\/trojmiastohydraulik.pl\/"},{"@type":"ListItem","position":2,"name":"Hydraulik Praca Gda\u0144sk"}]},{"@type":"WebSite","@id":"https:\/\/trojmiastohydraulik.pl\/#website","url":"https:\/\/trojmiastohydraulik.pl\/","name":"Tri-City plumber - Plumber Gdansk, Plumber Gdynia, Plumber Sopot","description":"Plumber Gda\u0144sk, Gdynia, Sopot, Rumia, Reda, Plumbing services Better Than Good! Sanitary assembly, water installations, central heating installations, removal of hydraulic failures","publisher":{"@id":"https:\/\/trojmiastohydraulik.pl\/#organization"},"potentialAction":[{"@type":"SearchAction","target":{"@type":"EntryPoint","urlTemplate":"https:\/\/trojmiastohydraulik.pl\/?s={search_term_string}"},"query-input":{"@type":"PropertyValueSpecification","valueRequired":true,"valueName":"search_term_string"}}],"inLanguage":"en-GB"},{"@type":"Organization","@id":"https:\/\/trojmiastohydraulik.pl\/#organization","name":"Tri-City plumber - Plumber Gdansk, Plumber Gdynia, Plumber Sopot","url":"https:\/\/trojmiastohydraulik.pl\/","logo":{"@type":"ImageObject","inLanguage":"en-GB","@id":"https:\/\/trojmiastohydraulik.pl\/#\/schema\/logo\/image\/","url":"https:\/\/trojmiastohydraulik.pl\/wp-content\/uploads\/2026\/04\/hydrocentre.jpg","contentUrl":"https:\/\/trojmiastohydraulik.pl\/wp-content\/uploads\/2026\/04\/hydrocentre.jpg","width":1000,"height":600,"caption":"Tr\u00f3jmiasto hydraulik - Hydraulik Gda\u0144sk, Hydraulik Gdynia, Hydraulik Sopot"},"image":{"@id":"https:\/\/trojmiastohydraulik.pl\/#\/schema\/logo\/image\/"},"sameAs":["https:\/\/www.facebook.com\/profile.php?id=61575093818928&sk=about"]}]}},"jetpack_sharing_enabled":true,"_links":{"self":[{"href":"https:\/\/trojmiastohydraulik.pl\/en\/wp-json\/wp\/v2\/pages\/608","targetHints":{"allow":["GET"]}}],"collection":[{"href":"https:\/\/trojmiastohydraulik.pl\/en\/wp-json\/wp\/v2\/pages"}],"about":[{"href":"https:\/\/trojmiastohydraulik.pl\/en\/wp-json\/wp\/v2\/types\/page"}],"author":[{"embeddable":true,"href":"https:\/\/trojmiastohydraulik.pl\/en\/wp-json\/wp\/v2\/users\/1"}],"replies":[{"embeddable":true,"href":"https:\/\/trojmiastohydraulik.pl\/en\/wp-json\/wp\/v2\/comments?post=608"}],"version-history":[{"count":12,"href":"https:\/\/trojmiastohydraulik.pl\/en\/wp-json\/wp\/v2\/pages\/608\/revisions"}],"predecessor-version":[{"id":2871,"href":"https:\/\/trojmiastohydraulik.pl\/en\/wp-json\/wp\/v2\/pages\/608\/revisions\/2871"}],"wp:attachment":[{"href":"https:\/\/trojmiastohydraulik.pl\/en\/wp-json\/wp\/v2\/media?parent=608"}],"curies":[{"name":"wp","href":"https:\/\/api.w.org\/{rel}","templated":true}]}}